{"id":1766,"date":"2023-10-19T16:58:48","date_gmt":"2023-10-19T23:58:48","guid":{"rendered":"https:\/\/iicsanfrancisco.esteri.it\/?page_id=1766"},"modified":"2025-05-29T17:58:38","modified_gmt":"2025-05-30T00:58:38","slug":"consulenti-e-collaboratori","status":"publish","type":"page","link":"https:\/\/iicsanfrancisco.esteri.it\/it\/amministrazione-trasparente\/articolazione-degli-uffici\/consulenti-e-collaboratori\/","title":{"rendered":"Consulenti e collaboratori"},"content":{"rendered":"<p><strong>Consulenti e collaboratori<\/strong><\/p>\n<p><strong>2024<br \/>\n<\/strong>Per l&#8217;anno 2024, l&#8217;Istituto Italiano di Cultura San Francisco non si \u00e8 avvalso di consulenze.<\/p>\n<p><strong>2023<\/strong><br \/>\nPer l&#8217;anno 2023, l&#8217;Istituto Italiano di Cultura San Francisco non si \u00e8 avvalso di consulenze.<\/p>\n<p><strong>2022<br \/>\n<\/strong>Per l&#8217;anno 2022, l&#8217;Istituto Italiano di Cultura San Francisco non si \u00e8 avvalso di consulenze.<strong><br \/>\n<\/strong><\/p>\n<p><strong>2021<br \/>\n<\/strong>Per l&#8217;anno 2021, l&#8217;Istituto Italiano di Cultura San Francisco non si \u00e8 avvalso di consulenze.<\/p>\n<p style=\"text-align: center;\"><img loading=\"lazy\" decoding=\"async\" class=\"aligncenter size-medium wp-image-1777 img-fluid\" src=\"https:\/\/iicsanfrancisco.esteri.it\/wp-content\/uploads\/2023\/10\/IIC-colore-sanfrancisco-300x200.jpg\" alt=\"\" width=\"300\" height=\"200\" srcset=\"https:\/\/iicsanfrancisco.esteri.it\/wp-content\/uploads\/2023\/10\/IIC-colore-sanfrancisco-300x200.jpg 300w, https:\/\/iicsanfrancisco.esteri.it\/wp-content\/uploads\/2023\/10\/IIC-colore-sanfrancisco-768x512.jpg 768w, https:\/\/iicsanfrancisco.esteri.it\/wp-content\/uploads\/2023\/10\/IIC-colore-sanfrancisco.jpg 886w\" sizes=\"auto, (max-width: 300px) 100vw, 300px\" \/><\/p>\n<p>&nbsp;<\/p>\n<p>Ultimo aggiornamento pagina: 29 maggio 2025<\/p>\n","protected":false},"excerpt":{"rendered":"Consulenti e collaboratori 2024 Per l&#8217;anno 2024, l&#8217;Istituto Italiano di Cultura San Francisco non si \u00e8 avvalso di consulenze. 2023 Per l&#8217;anno 2023, l&#8217;Istituto Italiano di Cultura San Francisco non si \u00e8 avvalso di consulenze. 2022 Per l&#8217;anno 2022, l&#8217;Istituto Italiano di Cultura San Francisco non si \u00e8 avvalso di consulenze. 2021 Per l&#8217;anno 2021, [&hellip;]","protected":false},"author":3,"featured_media":0,"parent":139,"menu_order":0,"comment_status":"closed","ping_status":"closed","template":"","meta":{"footnotes":""},"class_list":["post-1766","page","type-page","status-publish","hentry"],"_links":{"self":[{"href":"https:\/\/iicsanfrancisco.esteri.it\/it\/wp-json\/wp\/v2\/pages\/1766","targetHints":{"allow":["GET"]}}],"collection":[{"href":"https:\/\/iicsanfrancisco.esteri.it\/it\/wp-json\/wp\/v2\/pages"}],"about":[{"href":"https:\/\/iicsanfrancisco.esteri.it\/it\/wp-json\/wp\/v2\/types\/page"}],"author":[{"embeddable":true,"href":"https:\/\/iicsanfrancisco.esteri.it\/it\/wp-json\/wp\/v2\/users\/3"}],"replies":[{"embeddable":true,"href":"https:\/\/iicsanfrancisco.esteri.it\/it\/wp-json\/wp\/v2\/comments?post=1766"}],"version-history":[{"count":5,"href":"https:\/\/iicsanfrancisco.esteri.it\/it\/wp-json\/wp\/v2\/pages\/1766\/revisions"}],"predecessor-version":[{"id":5226,"href":"https:\/\/iicsanfrancisco.esteri.it\/it\/wp-json\/wp\/v2\/pages\/1766\/revisions\/5226"}],"up":[{"embeddable":true,"href":"https:\/\/iicsanfrancisco.esteri.it\/it\/wp-json\/wp\/v2\/pages\/139"}],"wp:attachment":[{"href":"https:\/\/iicsanfrancisco.esteri.it\/it\/wp-json\/wp\/v2\/media?parent=1766"}],"curies":[{"name":"wp","href":"https:\/\/api.w.org\/{rel}","templated":true}]}}