{"id":210,"date":"2023-06-07T14:43:02","date_gmt":"2023-06-07T21:43:02","guid":{"rendered":"https:\/\/iicsanfrancisco.esteri.it\/?page_id=210"},"modified":"2026-02-23T10:40:19","modified_gmt":"2026-02-23T17:40:19","slug":"certificazione-linguistica","status":"publish","type":"page","link":"https:\/\/iicsanfrancisco.esteri.it\/it\/lingua-e-cultura\/certificazioni\/certificazione-linguistica\/","title":{"rendered":"Certificazione linguistica"},"content":{"rendered":"<p><strong>Certificazioni di lingua italiana presso l\u2019Istituto Italiano di Cultura San Francisco<\/strong><\/p>\n<p>L&#8217;Istituto Italiano di Cultura San Francisco offre agli interessati la possibilit\u00e0 di conseguire la Certificazione di Lingua Italiana (CELI) per conto dell&#8217;Universit\u00e0 per Stranieri di Perugia, amministrandone gli esami ufficiali.<\/p>\n<p><strong>Le prossime sessioni d&#8217;esame CELI si terranno nelle seguenti date, stabilite dall&#8217;Universit\u00e0 per Stranieri di Perugia*:<\/strong><\/p>\n<p><strong>2026<\/strong><\/p>\n<ul>\n<li><strong>11 marzo** 2026<br \/>\nApertura iscrizioni: 20 novembre 2025<\/strong><br \/>\n<strong>Chiusura iscrizioni: 6 febbraio 2026<\/strong><br \/>\nA1 CELI impatto<br \/>\nA2 CELI 1<br \/>\nB1 CELI 2<br \/>\nB2 CELI 3<\/p>\n<div><\/div>\n<\/li>\n<li><strong><span style=\"text-decoration: underline;\">NUOVA DATA<\/span>: 9 giugno** 2026<br \/>\nApertura iscrizioni: 15 marzo 2026<\/strong><br \/>\n<strong>Chiusura iscrizioni: 28 aprile 2026<\/strong><br \/>\nA1 CELI impatto<br \/>\nA2 CELI 1<br \/>\nB1 CELI 2<br \/>\nB2 CELI 3<br \/>\nC1 CELI 4<br \/>\nC2 CELI 5<\/li>\n<\/ul>\n<ul>\n<li><strong>11 novembre** 2026\u00a0\u00a0<\/strong><br \/>\n<strong>Apertura iscrizioni: 20 agosto 2026<\/strong><br \/>\n<strong>Chiusura iscrizioni: 2 ottobre 2026<\/strong><br \/>\nA1 CELI impatto<br \/>\nA2 CELI 1<br \/>\nB1 CELI 2<br \/>\nB2 CELI 3<br \/>\nC1 CELI 4<br \/>\nC2 CELI 5<\/li>\n<\/ul>\n<p>*<strong>Si raccomanda di controllare frequentemente questa pagina per accertarsi che non vi siano cambi di data, stabiliti dall&#8217;Universit\u00e0 per Stranieri di Perugia. L&#8217;Istituto Italiano di Cultura San Francisco non \u00e8 responsabile per eventuali disagi causati da tali cambiamenti.<\/strong><\/p>\n<p>**A causa di limitazioni logistiche della nostra sede, la data dell&#8217;esame potrebbe venire estesa al giorno\/i successivi alle date dell&#8217;esame.<\/p>\n<p>&nbsp;<\/p>\n<p><strong>AVVISO<br \/>\n<\/strong>Si consiglia di controllare frequentemente questa pagina per eventuali aggiornamenti sulle date delle iscrizioni.<\/p>\n<p>Si prega di notare che gli esami avranno luogo compatibilmente alle limitazioni imposte da eventuali emergenze, e che pertanto potrebbero essere cancellati.<\/p>\n<p>Il numero di posti disponibili\u00a0\u00e8 limitato, e di conseguenza le iscrizioni avvengono in ordine di arrivo.<\/p>\n<p>&nbsp;<\/p>\n<p><strong>ISCRIZIONE<br \/>\n<\/strong><strong>Per iscriversi all&#8217;esame si prega di contattare <a href=\"mailto:iicsanfrancisco.eventi@esteri.it\">iicsanfrancisco.eventi@esteri.it<\/a><\/strong>.<\/p>\n<p>I candidati che in precedenti sessioni hanno superato solo in parte l\u2019esame CELI, presentando la documentazione rilasciata dall\u2019Universit\u00e0 per Stranieri di Perugia, dovranno sostenere soltanto la parte della prova che non hanno superato e pagare la tassa d\u2019esame relativa a quella parte solamente. La tassa d&#8217;esame non pu\u00f2 essere rimborsata in nessun caso. Pu\u00f2 essere utilizzata per scadenze d\u2019esame successive, ma soltanto in casi eccezionali, motivati per iscritto (malattia, gravi problemi familiari, impedimenti di lavoro o di studio). La tassa d&#8217;esame versata verr\u00e0 tuttavia naturalmente restituita nel caso in cui l&#8217;esame venisse annullato per mancato raggiungimento della quota minima delle iscrizioni.<\/p>\n<p>&nbsp;<\/p>\n<p><strong>CELI<\/strong><br \/>\nLa Certificazione CELI, rilasciata dall&#8217;Universit\u00e0 per Stranieri di Perugia, \u00e8 riconosciuta dallo Stato italiano in base ad una convenzione con il Ministero degli Affari Esteri. La suddivisione dell&#8217;esame nei diversi livelli di difficolt\u00e0 si riferisce al Quadro Comune Europeo di Riferimento per la conoscenza delle lingue del Consiglio d&#8217;Europa. L\u2019esame CELI \u00e8 uno strumento ufficiale di verifica e valutazione delle competenze linguistiche e comunicative.<\/p>\n<p>&nbsp;<\/p>\n<p><strong>LIVELLI<\/strong><br \/>\nI livelli del CELI sono sei: Livello A1, Livello A2, Livello B1, Livello B2, Livello C1 e Livello C2. Ognuno di essi individua una competenza linguistica e comunicativa progressivamente pi\u00f9 alta. Il livello B1 corrisponde al livello base di competenza della lingua italiana come lingua straniera; il livello C2 corrisponde al livello di conoscenza dell\u2019italiano richiesto in ambito professionale. Tutte le prove sono prodotte e valutate sulla base dei parametri europei fissati nei documenti del Consiglio d&#8217;Europa. Per conseguire la certificazione in uno dei sei livelli \u00e8 necessario superare un esame composto di quattro (A1-B1) o cinque parti (B2-C2) con diverse prove sulle abilit\u00e0 di base: ascolto, lettura, competenza meta-linguistica, produzione scritta e produzione orale.<\/p>\n<p>&nbsp;<\/p>\n<p><strong>CANDIDATI<\/strong><br \/>\nPossono iscriversi agli esami CELI tutti i cittadini stranieri e i cittadini italiani residenti all&#8217;estero. Non \u00e8 necessario possedere titoli di studio particolari, n\u00e9 aver superato un esame CELI di livello inferiore. Le prove non si basano su testi di didattica o corsi di lingua particolari.<\/p>\n<p>Il CELI serve a chi studia l&#8217;italiano, a chi lavora e studia a contatto con la realt\u00e0 italiana, a chi vuole misurare la propria competenza in italiano. Ogni livello del CELI attesta una capacit\u00e0 comunicativa spendibile in situazioni e contesti diversi.<\/p>\n<p><strong>La certificazione di livello non inferiore al B1\u00a0\u00e8 richiesta dalla nuova legge di cittadinanza italiana.<\/strong><\/p>\n<p>Con la certificazione CELI (a partire dal livello B2) \u00e8 possibile iscriversi presso un&#8217;universit\u00e0 italiana senza dover sostenere la prova di italiano normalmente richiesta. Il livello minimo consigliato \u00e8 il livello B2. Gli studenti stranieri in possesso della certificazione per i livelli C1 o C2 possono ottenere dei crediti aggiuntivi per il loro curriculum. Molte ditte italiane che operano all\u2019estero o desiderano assumere personale straniero, o ditte straniere che hanno rapporti commerciali con l&#8217;Italia, richiedono ai loro dipendenti una certificazione CELI in base all\u2019ambito lavorativo in cui saranno impiegati. Il livello C2 corrisponde al livello di conoscenza che uno straniero deve aver raggiunto per poter insegnare l\u2019Italiano.<\/p>\n<p>&nbsp;<\/p>\n<p><strong>PROVE E VALUTAZIONE<\/strong><br \/>\nTutte le prove sono prodotte e valutate presso il Centro Certificazione dell&#8217;Universit\u00e0 per Stranieri di Perugia. La struttura e descrizione di ciascun livello d\u2019esame si trova su <strong><a href=\"https:\/\/www.unistrapg.it\/it\/certificati-di-conoscenza-della-lingua-italiana\/celi-certificati-di-lingua-italiana\" target=\"_blank\" rel=\"noopener\">CELI<\/a><\/strong>. Se il candidato raggiunge il punteggio minimo solo in alcune parti, il risultato ottenuto \u00e8 capitalizzabile: in un esame successivo il candidato pu\u00f2 sostenere solo le prove relative alle abilit\u00e0 non superate. Le abilit\u00e0 capitalizzate valgono per un anno dal primo esame sostenuto.<\/p>\n<p>&nbsp;<\/p>\n<p><strong>PREPARARSI ALL&#8217;ESAME<\/strong><br \/>\nL&#8217;Istituto Italiano di Cultura San Francisco si avvale della scuola <strong><a href=\"https:\/\/www.maestralescuola.com\/\">Maestrale<\/a> <\/strong>per l&#8217;insegnamento della lingua italiana. In particolare, la scuola Maestrale \u00e8 specializzata nella preparazione agli esami CELI. Per maggiori informazioni sui corsi, contattare <a href=\"mailto:info@maestralescuola.com\">info@maestralescuola.com<\/a>.<br \/>\nI candidati possono anche accedere <a href=\"https:\/\/www.cvcl.it\/categorie\/categoria-104?explicit=SI\" target=\"_blank\" rel=\"noopener\">a prove d\u2019esame realizzate in passato<\/a>. Tali prove costituiscono un utile strumento di autovalutazione.<\/p>\n<p>&nbsp;<\/p>\n","protected":false},"excerpt":{"rendered":"Certificazioni di lingua italiana presso l\u2019Istituto Italiano di Cultura San Francisco L&#8217;Istituto Italiano di Cultura San Francisco offre agli interessati la possibilit\u00e0 di conseguire la Certificazione di Lingua Italiana (CELI) per conto dell&#8217;Universit\u00e0 per Stranieri di Perugia, amministrandone gli esami ufficiali. Le prossime sessioni d&#8217;esame CELI si terranno nelle seguenti date, stabilite dall&#8217;Universit\u00e0 per Stranieri [&hellip;]","protected":false},"author":3,"featured_media":0,"parent":44,"menu_order":0,"comment_status":"closed","ping_status":"closed","template":"","meta":{"footnotes":""},"class_list":["post-210","page","type-page","status-publish","hentry"],"_links":{"self":[{"href":"https:\/\/iicsanfrancisco.esteri.it\/it\/wp-json\/wp\/v2\/pages\/210","targetHints":{"allow":["GET"]}}],"collection":[{"href":"https:\/\/iicsanfrancisco.esteri.it\/it\/wp-json\/wp\/v2\/pages"}],"about":[{"href":"https:\/\/iicsanfrancisco.esteri.it\/it\/wp-json\/wp\/v2\/types\/page"}],"author":[{"embeddable":true,"href":"https:\/\/iicsanfrancisco.esteri.it\/it\/wp-json\/wp\/v2\/users\/3"}],"replies":[{"embeddable":true,"href":"https:\/\/iicsanfrancisco.esteri.it\/it\/wp-json\/wp\/v2\/comments?post=210"}],"version-history":[{"count":7,"href":"https:\/\/iicsanfrancisco.esteri.it\/it\/wp-json\/wp\/v2\/pages\/210\/revisions"}],"predecessor-version":[{"id":7411,"href":"https:\/\/iicsanfrancisco.esteri.it\/it\/wp-json\/wp\/v2\/pages\/210\/revisions\/7411"}],"up":[{"embeddable":true,"href":"https:\/\/iicsanfrancisco.esteri.it\/it\/wp-json\/wp\/v2\/pages\/44"}],"wp:attachment":[{"href":"https:\/\/iicsanfrancisco.esteri.it\/it\/wp-json\/wp\/v2\/media?parent=210"}],"curies":[{"name":"wp","href":"https:\/\/api.w.org\/{rel}","templated":true}]}}