{"id":42,"date":"2023-04-03T20:55:37","date_gmt":"2023-04-03T18:55:37","guid":{"rendered":"https:\/\/istitutobuenosaires.esteri.it\/?page_id=42"},"modified":"2025-08-13T16:41:52","modified_gmt":"2025-08-13T23:41:52","slug":"i-corsi-di-lingua","status":"publish","type":"page","link":"https:\/\/iicsanfrancisco.esteri.it\/it\/lingua-e-cultura\/i-corsi-di-lingua\/","title":{"rendered":"I corsi di lingua"},"content":{"rendered":"<p>L\u2019Istituto Italiano di Cultura San Francisco ha affidato la gestione eclusiva dei suoi corsi di lingua e cultura italiana alla scuola <strong><a href=\"http:\/\/www.maestralescuola.com\">Maestrale \u2013 Centro Lingua Italiana<\/a>.<\/strong><\/p>\n<p><strong>PERCH\u00c8 STUDIARE L&#8217;ITALIANO CON NOI?<\/strong><\/p>\n<div class=\"entry-content\">\n<p><strong>Maestrale<\/strong> offre lezioni online di ogni livello:<\/p>\n<ul>\n<li>corsi di gruppo di lingua e cultura italiana<\/li>\n<li>lezioni private<\/li>\n<li>laboratori tematici<\/li>\n<li>corsi personalizzati focalizzati sullo sviluppo di competenze specifiche<\/li>\n<\/ul>\n<p>Per coloro che preferiscono imparare di persona, le lezioni del sabato presso l\u2019Istituto Italiano di Cultura San Francisco saranno presto disponibili.<\/p>\n<p><strong>Istruttori esperti e altamente qualificati<\/strong><br \/>\nTutte le lezioni sono tenute da insegnanti madrelingua qualificati, laureati in universit\u00e0 italiane e con comprovata esperienza nell\u2019insegnamento dell\u2019italiano come lingua straniera.<\/p>\n<p><strong>Certificazione ufficiale di conoscenza della lingua italiana<br \/>\n<\/strong>L&#8217;Istituto Italiano di Cultura San Francisco, in convenzione con l&#8217;Universit\u00e0 per Stranieri di Perugia, amministra, in date e modalit\u00e0 stabilite dalla stessa universit\u00e0, gli esami per il rilascio della certificazione linguistica <strong>CELI<\/strong>, inclusi quelli necessari ai fini dell\u2019ottenimento della cittadinanza italiana, o per scopi accademici o lavorativi in Italia. I docenti di Maestrale, certificati per la somministrazione e preparazione agli esami CELI, sono in grado di preparare con cura e competenza gli studenti per l&#8217;ottenimento della certificazione ufficiale di conoscenza della lingua italiana.<\/p>\n<p><strong>Interazioni con l&#8217;Istituto Italiano di Cultura San Francisco<br \/>\n<\/strong>Studiare l&#8217;italiano con Maestrale permette di immergersi in\u00a0 un ambiente dinamico e culturalmente stimolante e di ricevere <strong>informazioni ed inviti <\/strong><strong>relativi agli <a href=\"https:\/\/iicsanfrancisco.esteri.it\/it\/gli_eventi\/\">eventi<\/a>\u00a0<\/strong>organizzati dall\u2019Istituto e dalle istituzioni con cui l\u2019Istituto collabora.<\/p>\n<p><strong>Borse di studio<br \/>\n<\/strong>Gli studenti di Maestrale possono usufruire di <strong>borse di studio<\/strong> offerte dall\u2019Istituto di Cultura per studiare in Italia.<\/p>\n<p><a href=\"https:\/\/www.maestralescuola.com\/\"><strong>Scopri di pi\u00f9<\/strong><\/a><\/p>\n<p>&nbsp;<\/p>\n<\/div>\n<p>&nbsp;<\/p>\n","protected":false},"excerpt":{"rendered":"L\u2019Istituto Italiano di Cultura San Francisco ha affidato la gestione eclusiva dei suoi corsi di lingua e cultura italiana alla scuola Maestrale \u2013 Centro Lingua Italiana. PERCH\u00c8 STUDIARE L&#8217;ITALIANO CON NOI? Maestrale offre lezioni online di ogni livello: corsi di gruppo di lingua e cultura italiana lezioni private laboratori tematici corsi personalizzati focalizzati sullo sviluppo [&hellip;]","protected":false},"author":1,"featured_media":5659,"parent":16,"menu_order":0,"comment_status":"closed","ping_status":"closed","template":"","meta":{"footnotes":""},"class_list":["post-42","page","type-page","status-publish","has-post-thumbnail","hentry"],"_links":{"self":[{"href":"https:\/\/iicsanfrancisco.esteri.it\/it\/wp-json\/wp\/v2\/pages\/42","targetHints":{"allow":["GET"]}}],"collection":[{"href":"https:\/\/iicsanfrancisco.esteri.it\/it\/wp-json\/wp\/v2\/pages"}],"about":[{"href":"https:\/\/iicsanfrancisco.esteri.it\/it\/wp-json\/wp\/v2\/types\/page"}],"author":[{"embeddable":true,"href":"https:\/\/iicsanfrancisco.esteri.it\/it\/wp-json\/wp\/v2\/users\/1"}],"replies":[{"embeddable":true,"href":"https:\/\/iicsanfrancisco.esteri.it\/it\/wp-json\/wp\/v2\/comments?post=42"}],"version-history":[{"count":6,"href":"https:\/\/iicsanfrancisco.esteri.it\/it\/wp-json\/wp\/v2\/pages\/42\/revisions"}],"predecessor-version":[{"id":5677,"href":"https:\/\/iicsanfrancisco.esteri.it\/it\/wp-json\/wp\/v2\/pages\/42\/revisions\/5677"}],"up":[{"embeddable":true,"href":"https:\/\/iicsanfrancisco.esteri.it\/it\/wp-json\/wp\/v2\/pages\/16"}],"wp:featuredmedia":[{"embeddable":true,"href":"https:\/\/iicsanfrancisco.esteri.it\/it\/wp-json\/wp\/v2\/media\/5659"}],"wp:attachment":[{"href":"https:\/\/iicsanfrancisco.esteri.it\/it\/wp-json\/wp\/v2\/media?parent=42"}],"curies":[{"name":"wp","href":"https:\/\/api.w.org\/{rel}","templated":true}]}}