{"id":7353,"date":"2026-02-20T16:07:09","date_gmt":"2026-02-20T23:07:09","guid":{"rendered":"https:\/\/iicsanfrancisco.esteri.it\/?page_id=7353"},"modified":"2026-02-23T16:00:43","modified_gmt":"2026-02-23T23:00:43","slug":"7353-2","status":"publish","type":"page","link":"https:\/\/iicsanfrancisco.esteri.it\/it\/lingua-e-cultura\/contributi-e-premi\/7353-2\/","title":{"rendered":"Contributi a Universit\u00e0 Straniere per corsi di formazione e aggiornamento docenti di italiano"},"content":{"rendered":"<p><strong>PROMOZIONE ALL\u2019ESTERO DELLA LINGUA E DELLA CULTURA ITALIANA<br \/>\nCONTRIBUTI AD UNIVERSIT\u00c0 STRANIERE PER CORSI DI FORMAZIONE E AGGIORNAMENTO DOCENTI DI ITALIANO PRESSO UNIVERSIT\u00c0 STRANIERE (a valere CAP. 2619\/3 E.F. 2026)<\/strong><\/p>\n<p>Il Ministero degli Affari Esteri e della Cooperazione Internazionale concede, tramite l\u2019ufficio VII della Direzione Generale per la Crescita e la Promozione delle Esportazioni, contributi per l\u2019organizzazione di corsi di formazione e aggiornamento destinati ai docenti di lingua italiana.<\/p>\n<p>I contributi vengono concessi ad istituzioni universitarie straniere operanti nel territorio di competenza, che ne facciano richiesta attraverso le Rappresentanze diplomatiche. La richiesta di contributi avanzata dovr\u00e0 prevedere corsi di formazione destinati a docenti di lingua italiana in servizio nelle universit\u00e0 locali.<\/p>\n<p><strong>ISTRUZIONI PER LA RICHIESTA DI CONTRIBUTO <\/strong><\/p>\n<p>Le richieste di contributo a valere sul cap. 2619\/3 \u2013 E.F. 2026, dovranno essere corredate dalla seguente documentazione, da inviare rigorosamente in file separati:<\/p>\n<ul>\n<li><strong>LETTERA DELL\u2019ISTITUZIONE UNIVERSITARIA<\/strong> (massimo una pagina): dovr\u00e0 riportare in forma sintetica e al contempo circostanziata la motivazione della richiesta. Dovr\u00e0 essere redatta su carta intestata dell\u2019ateneo, firmata dal Responsabile accademico e corredata del timbro dell\u2019ateneo<\/li>\n<li><a href=\"https:\/\/iicsanfrancisco.esteri.it\/wp-content\/uploads\/2026\/02\/2890094._A.docx\"><strong>FORMULARIO A<\/strong><\/a>: la richiesta di contributo per corsi di formazione e aggiornamento destinati ai docenti di lingua italiana operanti nelle universit\u00e0 straniere dovr\u00e0 essere redatta sul modello allegato che andr\u00e0 compilato in ogni sua parte.<\/li>\n<li><a href=\"https:\/\/iicsanfrancisco.esteri.it\/wp-content\/uploads\/2026\/02\/2890096._B.docx\"><strong>FORMULARIO B<\/strong><\/a>: le universit\u00e0 che hanno beneficiato di contributi nell\u2019E.F. 2025 o nel quinquennio precedente (EE.FF. 2020-2024), a conclusione dei corsi organizzati, dovranno predisporre la relazione finale sull\u2019utilizzo dell\u2019ultimo contributo ricevuto, utilizzando l\u2019allegato <em>FORMULARIO B<\/em>. Anche in questo caso il modulo andr\u00e0 compilato in ogni sua parte. In riferimento agli atenei ubicati in Paesi con valuta diversa dall\u2019euro, si richiama l\u2019attenzione degli atenei sull\u2019importanza di indicare nel rendiconto di spesa, oltre all\u2019ammontare effettivamente ricevuto in altra valuta, la cifra in euro formalmente assegnata, senza effettuare nuove conversioni da valuta a euro al momento della compilazione del <em>FORMULARIO B<\/em>. Ne deriva che per tutte le voci di spesa andr\u00e0 inevitabilmente utilizzato il tasso di cambio applicato al momento della conversione del contributo da euro a valuta locale ai fini del versamento all\u2019ateneo.<\/li>\n<\/ul>\n<p>La dimensione di ciascun file non potr\u00e0 superare il limite massimo di <strong>4MB<\/strong>.<\/p>\n<p><a href=\"https:\/\/iicsanfrancisco.esteri.it\/wp-content\/uploads\/2026\/02\/101011302619-3_2026_Istruzioni_compilazione_Formulari_A_e_B_Corsi_formaz._aggiorn.pdf\">ISTRUZIONI PER LA COMPILAZIONE<\/a><\/p>\n<p>Si ricorda che i contributi concessi nell\u2019E.F. 2026 devono essere utilizzati entro la conclusione delle attivit\u00e0 dell\u2019Anno Accademico dell\u2019A.A. 2026-27.<\/p>\n<p><strong>SCADENZA PER LA PRESENTAZIONE DELLE RICHIESTE<\/strong><\/p>\n<p>Le richieste di concessione del contributo dovranno essere presentate inviando la domanda all\u2019Istituto Italiano di Cultura di San Francisco entro e non oltre il <strong>15 marzo 2026<\/strong>.<br \/>\nLe richieste devono pervenire via email all\u2019indirizzo <a href=\"mailto:dir.iicsanfrancisco@esteri.it\">dir.iicsanfrancisco@esteri.it<\/a>.<\/p>\n<p>&nbsp;<\/p>\n<p>Per ulteriori informazioni contattare l\u2019Istituto Italiano di Cultura di San Francisco a <a href=\"mailto:contact.sanfrancisco@esteri.it\">contact.sanfrancisco@esteri.it<\/a>.<\/p>\n<p>&nbsp;<\/p>\n","protected":false},"excerpt":{"rendered":"PROMOZIONE ALL\u2019ESTERO DELLA LINGUA E DELLA CULTURA ITALIANA CONTRIBUTI AD UNIVERSIT\u00c0 STRANIERE PER CORSI DI FORMAZIONE E AGGIORNAMENTO DOCENTI DI ITALIANO PRESSO UNIVERSIT\u00c0 STRANIERE (a valere CAP. 2619\/3 E.F. 2026) Il Ministero degli Affari Esteri e della Cooperazione Internazionale concede, tramite l\u2019ufficio VII della Direzione Generale per la Crescita e la Promozione delle Esportazioni, contributi [&hellip;]","protected":false},"author":12,"featured_media":0,"parent":382,"menu_order":0,"comment_status":"closed","ping_status":"closed","template":"","meta":{"footnotes":""},"class_list":["post-7353","page","type-page","status-publish","hentry"],"_links":{"self":[{"href":"https:\/\/iicsanfrancisco.esteri.it\/it\/wp-json\/wp\/v2\/pages\/7353","targetHints":{"allow":["GET"]}}],"collection":[{"href":"https:\/\/iicsanfrancisco.esteri.it\/it\/wp-json\/wp\/v2\/pages"}],"about":[{"href":"https:\/\/iicsanfrancisco.esteri.it\/it\/wp-json\/wp\/v2\/types\/page"}],"author":[{"embeddable":true,"href":"https:\/\/iicsanfrancisco.esteri.it\/it\/wp-json\/wp\/v2\/users\/12"}],"replies":[{"embeddable":true,"href":"https:\/\/iicsanfrancisco.esteri.it\/it\/wp-json\/wp\/v2\/comments?post=7353"}],"version-history":[{"count":5,"href":"https:\/\/iicsanfrancisco.esteri.it\/it\/wp-json\/wp\/v2\/pages\/7353\/revisions"}],"predecessor-version":[{"id":7424,"href":"https:\/\/iicsanfrancisco.esteri.it\/it\/wp-json\/wp\/v2\/pages\/7353\/revisions\/7424"}],"up":[{"embeddable":true,"href":"https:\/\/iicsanfrancisco.esteri.it\/it\/wp-json\/wp\/v2\/pages\/382"}],"wp:attachment":[{"href":"https:\/\/iicsanfrancisco.esteri.it\/it\/wp-json\/wp\/v2\/media?parent=7353"}],"curies":[{"name":"wp","href":"https:\/\/api.w.org\/{rel}","templated":true}]}}